{"id":107,"date":"2023-10-16T09:25:03","date_gmt":"2023-10-16T07:25:03","guid":{"rendered":"https:\/\/ecolenouvelle7.wordpress.com\/?page_id=107"},"modified":"2023-10-16T09:25:03","modified_gmt":"2023-10-16T07:25:03","slug":"statuts","status":"publish","type":"page","link":"https:\/\/quirky-golick.77-235-47-250.plesk.page\/index.php\/statuts\/","title":{"rendered":"Statuts"},"content":{"rendered":"\n<p>L&rsquo;association sans but lucratif a \u00e9t\u00e9 constitu\u00e9e en 1926.<\/p>\n\n\n\n<p>Ses statuts, publi\u00e9s \u00e0 l&rsquo;annexe au Moniteur belge du 23 avril 1926 sous le n\u00b0 293, ont \u00e9t\u00e9 modifi\u00e9s en 1963 (modification publi\u00e9e \u00e0 l&rsquo;annex au Moniteur belge du 30 mai 1963 sous le n\u00b0 2.310).<\/p>\n\n\n\n<p>Suite \u00e0 l&rsquo;entr\u00e9e en vigueur de la loi du&nbsp;23 mars 2019 sur les associations, les statuts ont \u00e9t\u00e9&nbsp;adapt\u00e9s aux nouvelles r\u00e8gles,&nbsp;et modifi\u00e9s apr\u00e8s approbation par l&rsquo;AG extraordinaire du 29 Mars 2022.<\/p>\n\n\n\n<p>Les statuts sont disponibles sous format\u00a0<a href=\"https:\/\/quirky-golick.77-235-47-250.plesk.page\/wp-content\/uploads\/2023\/10\/statuts-ecolenouvelle-2021.pdf\" target=\"_blank\" rel=\"noreferrer noopener\">pdf<\/a>.<\/p>\n","protected":false},"excerpt":{"rendered":"<p>L&rsquo;association sans but lucratif a \u00e9t\u00e9 constitu\u00e9e en 1926. Ses statuts, publi\u00e9s \u00e0 l&rsquo;annexe au Moniteur belge du 23 avril 1926 sous le n\u00b0 293, ont \u00e9t\u00e9 modifi\u00e9s en 1963 (modification publi\u00e9e \u00e0 l&rsquo;annex au Moniteur belge du 30 mai 1963 sous le n\u00b0 2.310). Suite \u00e0 l&rsquo;entr\u00e9e en vigueur de la loi du&nbsp;23 mars [&hellip;]<\/p>\n","protected":false},"author":1,"featured_media":0,"parent":0,"menu_order":0,"comment_status":"closed","ping_status":"closed","template":"","meta":{"footnotes":""},"yoast_head":"<!-- This site is optimized with the Yoast SEO plugin v22.6 - https:\/\/yoast.com\/wordpress\/plugins\/seo\/ -->\r\n<title>Statuts - L&#039;Ecole Nouvelle<\/title>\r\n<meta name=\"robots\" content=\"index, follow, max-snippet:-1, max-image-preview:large, max-video-preview:-1\" \/>\r\n<link rel=\"canonical\" href=\"https:\/\/quirky-golick.77-235-47-250.plesk.page\/index.php\/statuts\/\" \/>\r\n<meta property=\"og:locale\" content=\"fr_FR\" \/>\r\n<meta property=\"og:type\" content=\"article\" \/>\r\n<meta property=\"og:title\" content=\"Statuts - L&#039;Ecole Nouvelle\" \/>\r\n<meta property=\"og:description\" content=\"L&rsquo;association sans but lucratif a \u00e9t\u00e9 constitu\u00e9e en 1926. Ses statuts, publi\u00e9s \u00e0 l&rsquo;annexe au Moniteur belge du 23 avril 1926 sous le n\u00b0 293, ont \u00e9t\u00e9 modifi\u00e9s en 1963 (modification publi\u00e9e \u00e0 l&rsquo;annex au Moniteur belge du 30 mai 1963 sous le n\u00b0 2.310). Suite \u00e0 l&rsquo;entr\u00e9e en vigueur de la loi du&nbsp;23 mars [&hellip;]\" \/>\r\n<meta property=\"og:url\" content=\"https:\/\/quirky-golick.77-235-47-250.plesk.page\/index.php\/statuts\/\" \/>\r\n<meta property=\"og:site_name\" content=\"L&#039;Ecole Nouvelle\" \/>\r\n<meta name=\"twitter:card\" content=\"summary_large_image\" \/>\r\n<script type=\"application\/ld+json\" class=\"yoast-schema-graph\">{\"@context\":\"https:\/\/schema.org\",\"@graph\":[{\"@type\":\"WebPage\",\"@id\":\"https:\/\/quirky-golick.77-235-47-250.plesk.page\/index.php\/statuts\/\",\"url\":\"https:\/\/quirky-golick.77-235-47-250.plesk.page\/index.php\/statuts\/\",\"name\":\"Statuts - L&#039;Ecole Nouvelle\",\"isPartOf\":{\"@id\":\"https:\/\/quirky-golick.77-235-47-250.plesk.page\/#website\"},\"datePublished\":\"2023-10-16T07:25:03+00:00\",\"dateModified\":\"2023-10-16T07:25:03+00:00\",\"breadcrumb\":{\"@id\":\"https:\/\/quirky-golick.77-235-47-250.plesk.page\/index.php\/statuts\/#breadcrumb\"},\"inLanguage\":\"fr-FR\",\"potentialAction\":[{\"@type\":\"ReadAction\",\"target\":[\"https:\/\/quirky-golick.77-235-47-250.plesk.page\/index.php\/statuts\/\"]}]},{\"@type\":\"BreadcrumbList\",\"@id\":\"https:\/\/quirky-golick.77-235-47-250.plesk.page\/index.php\/statuts\/#breadcrumb\",\"itemListElement\":[{\"@type\":\"ListItem\",\"position\":1,\"name\":\"Accueil\",\"item\":\"https:\/\/quirky-golick.77-235-47-250.plesk.page\/\"},{\"@type\":\"ListItem\",\"position\":2,\"name\":\"Statuts\"}]},{\"@type\":\"WebSite\",\"@id\":\"https:\/\/quirky-golick.77-235-47-250.plesk.page\/#website\",\"url\":\"https:\/\/quirky-golick.77-235-47-250.plesk.page\/\",\"name\":\"L&#039;Ecole Nouvelle\",\"description\":\"\",\"potentialAction\":[{\"@type\":\"SearchAction\",\"target\":{\"@type\":\"EntryPoint\",\"urlTemplate\":\"https:\/\/quirky-golick.77-235-47-250.plesk.page\/?s={search_term_string}\"},\"query-input\":\"required name=search_term_string\"}],\"inLanguage\":\"fr-FR\"}]}<\/script>\r\n<!-- \/ Yoast SEO plugin. -->","yoast_head_json":{"title":"Statuts - L&#039;Ecole Nouvelle","robots":{"index":"index","follow":"follow","max-snippet":"max-snippet:-1","max-image-preview":"max-image-preview:large","max-video-preview":"max-video-preview:-1"},"canonical":"https:\/\/quirky-golick.77-235-47-250.plesk.page\/index.php\/statuts\/","og_locale":"fr_FR","og_type":"article","og_title":"Statuts - L&#039;Ecole Nouvelle","og_description":"L&rsquo;association sans but lucratif a \u00e9t\u00e9 constitu\u00e9e en 1926. Ses statuts, publi\u00e9s \u00e0 l&rsquo;annexe au Moniteur belge du 23 avril 1926 sous le n\u00b0 293, ont \u00e9t\u00e9 modifi\u00e9s en 1963 (modification publi\u00e9e \u00e0 l&rsquo;annex au Moniteur belge du 30 mai 1963 sous le n\u00b0 2.310). Suite \u00e0 l&rsquo;entr\u00e9e en vigueur de la loi du&nbsp;23 mars [&hellip;]","og_url":"https:\/\/quirky-golick.77-235-47-250.plesk.page\/index.php\/statuts\/","og_site_name":"L&#039;Ecole Nouvelle","twitter_card":"summary_large_image","schema":{"@context":"https:\/\/schema.org","@graph":[{"@type":"WebPage","@id":"https:\/\/quirky-golick.77-235-47-250.plesk.page\/index.php\/statuts\/","url":"https:\/\/quirky-golick.77-235-47-250.plesk.page\/index.php\/statuts\/","name":"Statuts - L&#039;Ecole Nouvelle","isPartOf":{"@id":"https:\/\/quirky-golick.77-235-47-250.plesk.page\/#website"},"datePublished":"2023-10-16T07:25:03+00:00","dateModified":"2023-10-16T07:25:03+00:00","breadcrumb":{"@id":"https:\/\/quirky-golick.77-235-47-250.plesk.page\/index.php\/statuts\/#breadcrumb"},"inLanguage":"fr-FR","potentialAction":[{"@type":"ReadAction","target":["https:\/\/quirky-golick.77-235-47-250.plesk.page\/index.php\/statuts\/"]}]},{"@type":"BreadcrumbList","@id":"https:\/\/quirky-golick.77-235-47-250.plesk.page\/index.php\/statuts\/#breadcrumb","itemListElement":[{"@type":"ListItem","position":1,"name":"Accueil","item":"https:\/\/quirky-golick.77-235-47-250.plesk.page\/"},{"@type":"ListItem","position":2,"name":"Statuts"}]},{"@type":"WebSite","@id":"https:\/\/quirky-golick.77-235-47-250.plesk.page\/#website","url":"https:\/\/quirky-golick.77-235-47-250.plesk.page\/","name":"L&#039;Ecole Nouvelle","description":"","potentialAction":[{"@type":"SearchAction","target":{"@type":"EntryPoint","urlTemplate":"https:\/\/quirky-golick.77-235-47-250.plesk.page\/?s={search_term_string}"},"query-input":"required name=search_term_string"}],"inLanguage":"fr-FR"}]}},"_links":{"self":[{"href":"https:\/\/quirky-golick.77-235-47-250.plesk.page\/index.php\/wp-json\/wp\/v2\/pages\/107"}],"collection":[{"href":"https:\/\/quirky-golick.77-235-47-250.plesk.page\/index.php\/wp-json\/wp\/v2\/pages"}],"about":[{"href":"https:\/\/quirky-golick.77-235-47-250.plesk.page\/index.php\/wp-json\/wp\/v2\/types\/page"}],"author":[{"embeddable":true,"href":"https:\/\/quirky-golick.77-235-47-250.plesk.page\/index.php\/wp-json\/wp\/v2\/users\/1"}],"replies":[{"embeddable":true,"href":"https:\/\/quirky-golick.77-235-47-250.plesk.page\/index.php\/wp-json\/wp\/v2\/comments?post=107"}],"version-history":[{"count":0,"href":"https:\/\/quirky-golick.77-235-47-250.plesk.page\/index.php\/wp-json\/wp\/v2\/pages\/107\/revisions"}],"wp:attachment":[{"href":"https:\/\/quirky-golick.77-235-47-250.plesk.page\/index.php\/wp-json\/wp\/v2\/media?parent=107"}],"curies":[{"name":"wp","href":"https:\/\/api.w.org\/{rel}","templated":true}]}}