{"id":115,"date":"2023-10-16T09:46:04","date_gmt":"2023-10-16T07:46:04","guid":{"rendered":"https:\/\/ecolenouvelle7.wordpress.com\/?page_id=115"},"modified":"2023-10-16T09:46:04","modified_gmt":"2023-10-16T07:46:04","slug":"privacy","status":"publish","type":"page","link":"https:\/\/quirky-golick.77-235-47-250.plesk.page\/index.php\/privacy\/","title":{"rendered":"Privacy"},"content":{"rendered":"\n<p>L\u2019association L&rsquo;ECOLE NOUVELLE attache une importance toute particuli\u00e8re \u00e0 la protection de vos donn\u00e9es personnelles.<\/p>\n\n\n\n<p>La pr\u00e9sente Politique de confidentialit\u00e9 a vocation \u00e0 d\u00e9tailler de mani\u00e8re transparente la mani\u00e8re dont l\u2019association recueille, stocke, utilise et divulgue vos donn\u00e9es personnelles lorsque vous utilisez le site internet et\/ou que vous souhaitez obtenir des services ou informations propos\u00e9s sur le site.<\/p>\n\n\n\n<p>&nbsp;En utilisant le site vous acceptez la pr\u00e9sente Politique de confidentialit\u00e9.<\/p>\n\n\n\n<ol>\n<li>Les donn\u00e9es personnelles que vous communiquez<br>Il n\u2019est pas imp\u00e9ratif de transmettre vos donn\u00e9es personnelles pour consulter le site internet.\u00a0L\u2019association ne collecte que les donn\u00e9es strictement n\u00e9cessaires \u00e0 la mise en \u0153uvre de ses services.<\/li>\n\n\n\n<li>Finalit\u00e9s de la collecte des donn\u00e9es<br>Les donn\u00e9es personnelles collect\u00e9es sont principalement trait\u00e9es pour les finalit\u00e9s suivantes&nbsp;:&nbsp;&#8211; traitement de vos demandes via le site&nbsp;;- am\u00e9lioration du contenu et de navigabilit\u00e9 sur le site.<\/li>\n\n\n\n<li>Partage et transfert des donn\u00e9es<br><br>Les donn\u00e9es collect\u00e9es sont uniquement destin\u00e9es \u00e0 l\u2019association.<br><\/li>\n\n\n\n<li>Dur\u00e9e de conservation<br><br>L\u2019association conserve les donn\u00e9es \u00e0 caract\u00e8re personnel pour la dur\u00e9e strictement n\u00e9cessaire \u00e0 l\u2019accomplissement de sa mission.<br><\/li>\n\n\n\n<li>S\u00e9curit\u00e9<br><br>L\u2019association a mis en place des mesures de s\u00e9curit\u00e9 physique et logistique pour la protection des donn\u00e9es \u00e0 caract\u00e8re personnel.<br><\/li>\n\n\n\n<li>Vos droits<br>Conform\u00e9ment aux articles 15 \u00e0 22 du r\u00e8glement g\u00e9n\u00e9ral sur la protection des donn\u00e9es du 27 avril 2016, relatif \u00e0 la protection des personnes physiques \u00e0 l\u2019\u00e9gard du traitement des donn\u00e9es \u00e0 caract\u00e8re personnel et \u00e0 la libre circulation de ces donn\u00e9es, toute personne physique concern\u00e9e justifiant de son identit\u00e9 b\u00e9n\u00e9ficie d\u2019un droit d\u2019acc\u00e8s, de rectification, d\u2019effacement, d\u2019opposition, \u00e0 la portabilit\u00e9 des donn\u00e9es personnelles la concernant et \u00e0 la limitation des traitements ainsi qu\u2019au sort de ces m\u00eames donn\u00e9es apr\u00e8s la mort. Ces droits peuvent \u00eatre exerc\u00e9s en s\u2019adressant directement \u00e0 l\u2019Association ECOLE NOUVELLE, avenue Montana,\u00a0 \u00e0 (1180) Bruxelles.<\/li>\n\n\n\n<li>Contact<br><br>Pour toute information relative \u00e0 la pr\u00e9sente Politique de confidentialit\u00e9, vous pouvez contacter l\u2019association \u00e0 l\u2019adresse suivante\u00a0:\u00a0<a href=\"mailto:secretariat@ecolenouvelle.be\">secretariat@ecolenouvelle.be<\/a><\/li>\n<\/ol>\n","protected":false},"excerpt":{"rendered":"<p>L\u2019association L&rsquo;ECOLE NOUVELLE attache une importance toute particuli\u00e8re \u00e0 la protection de vos donn\u00e9es personnelles. La pr\u00e9sente Politique de confidentialit\u00e9 a vocation \u00e0 d\u00e9tailler de mani\u00e8re transparente la mani\u00e8re dont l\u2019association recueille, stocke, utilise et divulgue vos donn\u00e9es personnelles lorsque vous utilisez le site internet et\/ou que vous souhaitez obtenir des services ou informations propos\u00e9s [&hellip;]<\/p>\n","protected":false},"author":1,"featured_media":0,"parent":0,"menu_order":0,"comment_status":"closed","ping_status":"closed","template":"","meta":{"footnotes":""},"yoast_head":"<!-- This site is optimized with the Yoast SEO plugin v22.6 - https:\/\/yoast.com\/wordpress\/plugins\/seo\/ -->\r\n<title>Privacy - L&#039;Ecole Nouvelle<\/title>\r\n<meta name=\"robots\" content=\"index, follow, max-snippet:-1, max-image-preview:large, max-video-preview:-1\" \/>\r\n<link rel=\"canonical\" href=\"https:\/\/quirky-golick.77-235-47-250.plesk.page\/index.php\/privacy\/\" \/>\r\n<meta property=\"og:locale\" content=\"fr_FR\" \/>\r\n<meta property=\"og:type\" content=\"article\" \/>\r\n<meta property=\"og:title\" content=\"Privacy - L&#039;Ecole Nouvelle\" \/>\r\n<meta property=\"og:description\" content=\"L\u2019association L&rsquo;ECOLE NOUVELLE attache une importance toute particuli\u00e8re \u00e0 la protection de vos donn\u00e9es personnelles. La pr\u00e9sente Politique de confidentialit\u00e9 a vocation \u00e0 d\u00e9tailler de mani\u00e8re transparente la mani\u00e8re dont l\u2019association recueille, stocke, utilise et divulgue vos donn\u00e9es personnelles lorsque vous utilisez le site internet et\/ou que vous souhaitez obtenir des services ou informations propos\u00e9s [&hellip;]\" \/>\r\n<meta property=\"og:url\" content=\"https:\/\/quirky-golick.77-235-47-250.plesk.page\/index.php\/privacy\/\" \/>\r\n<meta property=\"og:site_name\" content=\"L&#039;Ecole Nouvelle\" \/>\r\n<meta name=\"twitter:card\" content=\"summary_large_image\" \/>\r\n<meta name=\"twitter:label1\" content=\"Dur\u00e9e de lecture estim\u00e9e\" \/>\n\t<meta name=\"twitter:data1\" content=\"2 minutes\" \/>\r\n<script type=\"application\/ld+json\" class=\"yoast-schema-graph\">{\"@context\":\"https:\/\/schema.org\",\"@graph\":[{\"@type\":\"WebPage\",\"@id\":\"https:\/\/quirky-golick.77-235-47-250.plesk.page\/index.php\/privacy\/\",\"url\":\"https:\/\/quirky-golick.77-235-47-250.plesk.page\/index.php\/privacy\/\",\"name\":\"Privacy - L&#039;Ecole Nouvelle\",\"isPartOf\":{\"@id\":\"https:\/\/quirky-golick.77-235-47-250.plesk.page\/#website\"},\"datePublished\":\"2023-10-16T07:46:04+00:00\",\"dateModified\":\"2023-10-16T07:46:04+00:00\",\"breadcrumb\":{\"@id\":\"https:\/\/quirky-golick.77-235-47-250.plesk.page\/index.php\/privacy\/#breadcrumb\"},\"inLanguage\":\"fr-FR\",\"potentialAction\":[{\"@type\":\"ReadAction\",\"target\":[\"https:\/\/quirky-golick.77-235-47-250.plesk.page\/index.php\/privacy\/\"]}]},{\"@type\":\"BreadcrumbList\",\"@id\":\"https:\/\/quirky-golick.77-235-47-250.plesk.page\/index.php\/privacy\/#breadcrumb\",\"itemListElement\":[{\"@type\":\"ListItem\",\"position\":1,\"name\":\"Accueil\",\"item\":\"https:\/\/quirky-golick.77-235-47-250.plesk.page\/\"},{\"@type\":\"ListItem\",\"position\":2,\"name\":\"Privacy\"}]},{\"@type\":\"WebSite\",\"@id\":\"https:\/\/quirky-golick.77-235-47-250.plesk.page\/#website\",\"url\":\"https:\/\/quirky-golick.77-235-47-250.plesk.page\/\",\"name\":\"L&#039;Ecole Nouvelle\",\"description\":\"\",\"potentialAction\":[{\"@type\":\"SearchAction\",\"target\":{\"@type\":\"EntryPoint\",\"urlTemplate\":\"https:\/\/quirky-golick.77-235-47-250.plesk.page\/?s={search_term_string}\"},\"query-input\":\"required name=search_term_string\"}],\"inLanguage\":\"fr-FR\"}]}<\/script>\r\n<!-- \/ Yoast SEO plugin. -->","yoast_head_json":{"title":"Privacy - L&#039;Ecole Nouvelle","robots":{"index":"index","follow":"follow","max-snippet":"max-snippet:-1","max-image-preview":"max-image-preview:large","max-video-preview":"max-video-preview:-1"},"canonical":"https:\/\/quirky-golick.77-235-47-250.plesk.page\/index.php\/privacy\/","og_locale":"fr_FR","og_type":"article","og_title":"Privacy - L&#039;Ecole Nouvelle","og_description":"L\u2019association L&rsquo;ECOLE NOUVELLE attache une importance toute particuli\u00e8re \u00e0 la protection de vos donn\u00e9es personnelles. La pr\u00e9sente Politique de confidentialit\u00e9 a vocation \u00e0 d\u00e9tailler de mani\u00e8re transparente la mani\u00e8re dont l\u2019association recueille, stocke, utilise et divulgue vos donn\u00e9es personnelles lorsque vous utilisez le site internet et\/ou que vous souhaitez obtenir des services ou informations propos\u00e9s [&hellip;]","og_url":"https:\/\/quirky-golick.77-235-47-250.plesk.page\/index.php\/privacy\/","og_site_name":"L&#039;Ecole Nouvelle","twitter_card":"summary_large_image","twitter_misc":{"Dur\u00e9e de lecture estim\u00e9e":"2 minutes"},"schema":{"@context":"https:\/\/schema.org","@graph":[{"@type":"WebPage","@id":"https:\/\/quirky-golick.77-235-47-250.plesk.page\/index.php\/privacy\/","url":"https:\/\/quirky-golick.77-235-47-250.plesk.page\/index.php\/privacy\/","name":"Privacy - L&#039;Ecole Nouvelle","isPartOf":{"@id":"https:\/\/quirky-golick.77-235-47-250.plesk.page\/#website"},"datePublished":"2023-10-16T07:46:04+00:00","dateModified":"2023-10-16T07:46:04+00:00","breadcrumb":{"@id":"https:\/\/quirky-golick.77-235-47-250.plesk.page\/index.php\/privacy\/#breadcrumb"},"inLanguage":"fr-FR","potentialAction":[{"@type":"ReadAction","target":["https:\/\/quirky-golick.77-235-47-250.plesk.page\/index.php\/privacy\/"]}]},{"@type":"BreadcrumbList","@id":"https:\/\/quirky-golick.77-235-47-250.plesk.page\/index.php\/privacy\/#breadcrumb","itemListElement":[{"@type":"ListItem","position":1,"name":"Accueil","item":"https:\/\/quirky-golick.77-235-47-250.plesk.page\/"},{"@type":"ListItem","position":2,"name":"Privacy"}]},{"@type":"WebSite","@id":"https:\/\/quirky-golick.77-235-47-250.plesk.page\/#website","url":"https:\/\/quirky-golick.77-235-47-250.plesk.page\/","name":"L&#039;Ecole Nouvelle","description":"","potentialAction":[{"@type":"SearchAction","target":{"@type":"EntryPoint","urlTemplate":"https:\/\/quirky-golick.77-235-47-250.plesk.page\/?s={search_term_string}"},"query-input":"required name=search_term_string"}],"inLanguage":"fr-FR"}]}},"_links":{"self":[{"href":"https:\/\/quirky-golick.77-235-47-250.plesk.page\/index.php\/wp-json\/wp\/v2\/pages\/115"}],"collection":[{"href":"https:\/\/quirky-golick.77-235-47-250.plesk.page\/index.php\/wp-json\/wp\/v2\/pages"}],"about":[{"href":"https:\/\/quirky-golick.77-235-47-250.plesk.page\/index.php\/wp-json\/wp\/v2\/types\/page"}],"author":[{"embeddable":true,"href":"https:\/\/quirky-golick.77-235-47-250.plesk.page\/index.php\/wp-json\/wp\/v2\/users\/1"}],"replies":[{"embeddable":true,"href":"https:\/\/quirky-golick.77-235-47-250.plesk.page\/index.php\/wp-json\/wp\/v2\/comments?post=115"}],"version-history":[{"count":0,"href":"https:\/\/quirky-golick.77-235-47-250.plesk.page\/index.php\/wp-json\/wp\/v2\/pages\/115\/revisions"}],"wp:attachment":[{"href":"https:\/\/quirky-golick.77-235-47-250.plesk.page\/index.php\/wp-json\/wp\/v2\/media?parent=115"}],"curies":[{"name":"wp","href":"https:\/\/api.w.org\/{rel}","templated":true}]}}