{"id":16,"date":"2023-10-14T09:19:30","date_gmt":"2023-10-14T07:19:30","guid":{"rendered":"https:\/\/ecolenouvelle7.wordpress.com\/a-propos\/"},"modified":"2023-10-14T09:19:30","modified_gmt":"2023-10-14T07:19:30","slug":"a-propos","status":"publish","type":"page","link":"https:\/\/quirky-golick.77-235-47-250.plesk.page\/index.php\/a-propos\/","title":{"rendered":"\u00c0 propos"},"content":{"rendered":"\n<p>Ceci est un exemple de page. \u00c0 la diff\u00e9rence des articles, qui sont affich\u00e9s sur la page d\u2019accueil de votre blog selon leur ordre de publication, les pages sont destin\u00e9es \u00e0 un contenu permanent que vous souhaitez rendre facilement accessible, comme votre pr\u00e9sentation ou vos coordonn\u00e9es.<\/p>\n","protected":false},"excerpt":{"rendered":"<p>Ceci est un exemple de page. \u00c0 la diff\u00e9rence des articles, qui sont affich\u00e9s sur la page d\u2019accueil de votre blog selon leur ordre de publication, les pages sont destin\u00e9es \u00e0 un contenu permanent que vous souhaitez rendre facilement accessible, comme votre pr\u00e9sentation ou vos coordonn\u00e9es.<\/p>\n","protected":false},"author":1,"featured_media":0,"parent":0,"menu_order":0,"comment_status":"closed","ping_status":"closed","template":"","meta":{"footnotes":""},"yoast_head":"<!-- This site is optimized with the Yoast SEO plugin v22.6 - https:\/\/yoast.com\/wordpress\/plugins\/seo\/ -->\r\n<title>\u00c0 propos - L&#039;Ecole Nouvelle<\/title>\r\n<meta name=\"robots\" content=\"index, follow, max-snippet:-1, max-image-preview:large, max-video-preview:-1\" \/>\r\n<link rel=\"canonical\" href=\"https:\/\/quirky-golick.77-235-47-250.plesk.page\/index.php\/a-propos\/\" \/>\r\n<meta property=\"og:locale\" content=\"fr_FR\" \/>\r\n<meta property=\"og:type\" content=\"article\" \/>\r\n<meta property=\"og:title\" content=\"\u00c0 propos - L&#039;Ecole Nouvelle\" \/>\r\n<meta property=\"og:description\" content=\"Ceci est un exemple de page. \u00c0 la diff\u00e9rence des articles, qui sont affich\u00e9s sur la page d\u2019accueil de votre blog selon leur ordre de publication, les pages sont destin\u00e9es \u00e0 un contenu permanent que vous souhaitez rendre facilement accessible, comme votre pr\u00e9sentation ou vos coordonn\u00e9es.\" \/>\r\n<meta property=\"og:url\" content=\"https:\/\/quirky-golick.77-235-47-250.plesk.page\/index.php\/a-propos\/\" \/>\r\n<meta property=\"og:site_name\" content=\"L&#039;Ecole Nouvelle\" \/>\r\n<meta name=\"twitter:card\" content=\"summary_large_image\" \/>\r\n<script type=\"application\/ld+json\" class=\"yoast-schema-graph\">{\"@context\":\"https:\/\/schema.org\",\"@graph\":[{\"@type\":\"WebPage\",\"@id\":\"https:\/\/quirky-golick.77-235-47-250.plesk.page\/index.php\/a-propos\/\",\"url\":\"https:\/\/quirky-golick.77-235-47-250.plesk.page\/index.php\/a-propos\/\",\"name\":\"\u00c0 propos - L&#039;Ecole Nouvelle\",\"isPartOf\":{\"@id\":\"https:\/\/quirky-golick.77-235-47-250.plesk.page\/#website\"},\"datePublished\":\"2023-10-14T07:19:30+00:00\",\"dateModified\":\"2023-10-14T07:19:30+00:00\",\"breadcrumb\":{\"@id\":\"https:\/\/quirky-golick.77-235-47-250.plesk.page\/index.php\/a-propos\/#breadcrumb\"},\"inLanguage\":\"fr-FR\",\"potentialAction\":[{\"@type\":\"ReadAction\",\"target\":[\"https:\/\/quirky-golick.77-235-47-250.plesk.page\/index.php\/a-propos\/\"]}]},{\"@type\":\"BreadcrumbList\",\"@id\":\"https:\/\/quirky-golick.77-235-47-250.plesk.page\/index.php\/a-propos\/#breadcrumb\",\"itemListElement\":[{\"@type\":\"ListItem\",\"position\":1,\"name\":\"Accueil\",\"item\":\"https:\/\/quirky-golick.77-235-47-250.plesk.page\/\"},{\"@type\":\"ListItem\",\"position\":2,\"name\":\"\u00c0 propos\"}]},{\"@type\":\"WebSite\",\"@id\":\"https:\/\/quirky-golick.77-235-47-250.plesk.page\/#website\",\"url\":\"https:\/\/quirky-golick.77-235-47-250.plesk.page\/\",\"name\":\"L&#039;Ecole Nouvelle\",\"description\":\"\",\"potentialAction\":[{\"@type\":\"SearchAction\",\"target\":{\"@type\":\"EntryPoint\",\"urlTemplate\":\"https:\/\/quirky-golick.77-235-47-250.plesk.page\/?s={search_term_string}\"},\"query-input\":\"required name=search_term_string\"}],\"inLanguage\":\"fr-FR\"}]}<\/script>\r\n<!-- \/ Yoast SEO plugin. -->","yoast_head_json":{"title":"\u00c0 propos - L&#039;Ecole Nouvelle","robots":{"index":"index","follow":"follow","max-snippet":"max-snippet:-1","max-image-preview":"max-image-preview:large","max-video-preview":"max-video-preview:-1"},"canonical":"https:\/\/quirky-golick.77-235-47-250.plesk.page\/index.php\/a-propos\/","og_locale":"fr_FR","og_type":"article","og_title":"\u00c0 propos - L&#039;Ecole Nouvelle","og_description":"Ceci est un exemple de page. \u00c0 la diff\u00e9rence des articles, qui sont affich\u00e9s sur la page d\u2019accueil de votre blog selon leur ordre de publication, les pages sont destin\u00e9es \u00e0 un contenu permanent que vous souhaitez rendre facilement accessible, comme votre pr\u00e9sentation ou vos coordonn\u00e9es.","og_url":"https:\/\/quirky-golick.77-235-47-250.plesk.page\/index.php\/a-propos\/","og_site_name":"L&#039;Ecole Nouvelle","twitter_card":"summary_large_image","schema":{"@context":"https:\/\/schema.org","@graph":[{"@type":"WebPage","@id":"https:\/\/quirky-golick.77-235-47-250.plesk.page\/index.php\/a-propos\/","url":"https:\/\/quirky-golick.77-235-47-250.plesk.page\/index.php\/a-propos\/","name":"\u00c0 propos - L&#039;Ecole Nouvelle","isPartOf":{"@id":"https:\/\/quirky-golick.77-235-47-250.plesk.page\/#website"},"datePublished":"2023-10-14T07:19:30+00:00","dateModified":"2023-10-14T07:19:30+00:00","breadcrumb":{"@id":"https:\/\/quirky-golick.77-235-47-250.plesk.page\/index.php\/a-propos\/#breadcrumb"},"inLanguage":"fr-FR","potentialAction":[{"@type":"ReadAction","target":["https:\/\/quirky-golick.77-235-47-250.plesk.page\/index.php\/a-propos\/"]}]},{"@type":"BreadcrumbList","@id":"https:\/\/quirky-golick.77-235-47-250.plesk.page\/index.php\/a-propos\/#breadcrumb","itemListElement":[{"@type":"ListItem","position":1,"name":"Accueil","item":"https:\/\/quirky-golick.77-235-47-250.plesk.page\/"},{"@type":"ListItem","position":2,"name":"\u00c0 propos"}]},{"@type":"WebSite","@id":"https:\/\/quirky-golick.77-235-47-250.plesk.page\/#website","url":"https:\/\/quirky-golick.77-235-47-250.plesk.page\/","name":"L&#039;Ecole Nouvelle","description":"","potentialAction":[{"@type":"SearchAction","target":{"@type":"EntryPoint","urlTemplate":"https:\/\/quirky-golick.77-235-47-250.plesk.page\/?s={search_term_string}"},"query-input":"required name=search_term_string"}],"inLanguage":"fr-FR"}]}},"_links":{"self":[{"href":"https:\/\/quirky-golick.77-235-47-250.plesk.page\/index.php\/wp-json\/wp\/v2\/pages\/16"}],"collection":[{"href":"https:\/\/quirky-golick.77-235-47-250.plesk.page\/index.php\/wp-json\/wp\/v2\/pages"}],"about":[{"href":"https:\/\/quirky-golick.77-235-47-250.plesk.page\/index.php\/wp-json\/wp\/v2\/types\/page"}],"author":[{"embeddable":true,"href":"https:\/\/quirky-golick.77-235-47-250.plesk.page\/index.php\/wp-json\/wp\/v2\/users\/1"}],"replies":[{"embeddable":true,"href":"https:\/\/quirky-golick.77-235-47-250.plesk.page\/index.php\/wp-json\/wp\/v2\/comments?post=16"}],"version-history":[{"count":0,"href":"https:\/\/quirky-golick.77-235-47-250.plesk.page\/index.php\/wp-json\/wp\/v2\/pages\/16\/revisions"}],"wp:attachment":[{"href":"https:\/\/quirky-golick.77-235-47-250.plesk.page\/index.php\/wp-json\/wp\/v2\/media?parent=16"}],"curies":[{"name":"wp","href":"https:\/\/api.w.org\/{rel}","templated":true}]}}