{"id":53,"date":"2023-10-14T10:29:47","date_gmt":"2023-10-14T08:29:47","guid":{"rendered":"https:\/\/ecolenouvelle7.wordpress.com\/?page_id=53"},"modified":"2023-10-14T10:29:47","modified_gmt":"2023-10-14T08:29:47","slug":"nos-realisations","status":"publish","type":"page","link":"https:\/\/quirky-golick.77-235-47-250.plesk.page\/index.php\/nos-realisations\/","title":{"rendered":"Nos R\u00e9alisations"},"content":{"rendered":"\n<div class=\"wp-block-columns is-layout-flex wp-container-3 wp-block-columns-is-layout-flex\">\n<div class=\"wp-block-column is-layout-flow wp-block-column-is-layout-flow\">\n<h2 class=\"wp-block-heading\">20XX &#8211; Le pr\u00e9au de Casalta<\/h2>\n\n\n\n<p>Nous en avions tou-te-s r\u00eav\u00e9, l&rsquo;Ecole Nouvelle l&rsquo;a fait!<\/p>\n\n\n\n<p>Un bon moyen de s&rsquo;abriter, de la pluie comme du soleil, un excellent exemple de <em>protection contre les intemp\u00e9ries<\/em> en somme.<\/p>\n\n\n\n<p>Les travaux ont dur\u00e9 XX jours et l&rsquo;inauguration a eu lieu le XX\/XX.<\/p>\n<\/div>\n\n\n\n<div class=\"wp-block-column is-layout-flow wp-block-column-is-layout-flow\">\n<figure class=\"wp-block-image size-full\"><img decoding=\"async\" src=\"https:\/\/quirky-golick.77-235-47-250.plesk.page\/wp-content\/uploads\/2023\/10\/20231017_090430.jpg\" alt=\"\" class=\"wp-image-137\" \/><\/figure>\n\n\n\n<figure class=\"wp-block-image size-large\"><img decoding=\"async\" src=\"https:\/\/quirky-golick.77-235-47-250.plesk.page\/wp-content\/uploads\/2023\/10\/20231017_090514.jpg?w=768\" alt=\"\" class=\"wp-image-138\" \/><\/figure>\n<\/div>\n<\/div>\n\n\n\n<div class=\"wp-block-group has-global-padding is-layout-constrained wp-block-group-is-layout-constrained\">\n<div class=\"wp-block-columns is-layout-flex wp-container-6 wp-block-columns-is-layout-flex\">\n<div class=\"wp-block-column is-layout-flow wp-block-column-is-layout-flow\">\n<h2 class=\"wp-block-heading\">2021 &#8211; Plaine de jeux<\/h2>\n\n\n\n<p>Lorem ipsum dolor sit amet, consectetur adipiscing elit. Mauris laoreet tempor ipsum, id facilisis nulla facilisis nec. Duis ac ipsum ex. Fusce eu nulla viverra, venenatis metus sed, tristique leo. Pellentesque suscipit venenatis lacus, quis consequat justo feugiat vitae. Aliquam sagittis sapien et accumsan consequat. Morbi scelerisque, mauris sed lacinia molestie, nunc justo iaculis metus, eget sollicitudin turpis neque id est. Sed in dignissim sem, at tempor ligula.&nbsp;<\/p>\n<\/div>\n\n\n\n<div class=\"wp-block-column is-layout-flow wp-block-column-is-layout-flow\">\n<figure class=\"wp-block-image size-large\"><img decoding=\"async\" src=\"https:\/\/quirky-golick.77-235-47-250.plesk.page\/wp-content\/uploads\/2023\/10\/20210817_123005-copie.jpg?w=768\" alt=\"\" class=\"wp-image-83\" \/><\/figure>\n\n\n\n<figure class=\"wp-block-image size-large\"><img decoding=\"async\" src=\"https:\/\/quirky-golick.77-235-47-250.plesk.page\/wp-content\/uploads\/2023\/10\/20210901_073831.jpg?w=1024\" alt=\"\" class=\"wp-image-84\" \/><\/figure>\n\n\n\n<figure class=\"wp-block-image size-large\"><img decoding=\"async\" src=\"https:\/\/quirky-golick.77-235-47-250.plesk.page\/wp-content\/uploads\/2023\/10\/20210909_073536.jpg?w=1024\" alt=\"\" class=\"wp-image-81\" \/><\/figure>\n<\/div>\n<\/div>\n<\/div>\n\n\n\n<h2 class=\"wp-block-heading\">2016 &#8211; Pavillons Casalta<\/h2>\n\n\n\n<p>Et les petits, les voici au chaud, ne s&rsquo;\u00e9cartant plus des fen\u00eatres \u00e0 l&rsquo;approche de l&rsquo;hiver&#8230;<\/p>\n\n\n\n<figure class=\"wp-block-image aligncenter size-large is-resized\"><img decoding=\"async\" loading=\"lazy\" width=\"261\" height=\"249\" src=\"https:\/\/quirky-golick.77-235-47-250.plesk.page\/wp-content\/uploads\/2023\/10\/2016-casalta-pavillons-1.png?w=261\" alt=\"\" class=\"wp-image-93\" style=\"width:347px;height:auto\" \/><\/figure>\n\n\n\n<p>Leur pavillon a \u00e9t\u00e9 r\u00e9nov\u00e9 de fond en combles; une toiture \u00e9tanche et super isol\u00e9e, de nouveaux ch\u00e2ssis, des murs isol\u00e9s, un jardinet priv\u00e9 permettent aux enfants de travailler, jouer, observer, peindre, dormir et toutes les autres activit\u00e9s qu&rsquo;ils m\u00e8nent que nous sommes incapables de citer, dans de bien meilleurs conditions.<\/p>\n\n\n\n<p>Et gr\u00e2ce au triple vitrage qui a \u00e9t\u00e9 install\u00e9 dans la foul\u00e9e,\u00a0les petits peuvent faire leur sieste sans \u00eatre d\u00e9rang\u00e9s par leurs camarades\u00a0profitant\u00a0du jardin&#8230; disons, de mani\u00e8re pas toujours discr\u00e8te \ud83d\ude42<\/p>\n\n\n\n<h2 class=\"wp-block-heading\">2013-2014: Hamoir 2.0<\/h2>\n\n\n\n<p>texte<\/p>\n\n\n\n<figure class=\"wp-block-image aligncenter size-large is-resized\"><img decoding=\"async\" loading=\"lazy\" width=\"186\" height=\"176\" src=\"https:\/\/quirky-golick.77-235-47-250.plesk.page\/wp-content\/uploads\/2023\/10\/realisations_hamoir.png?w=186\" alt=\"\" class=\"wp-image-148\" style=\"width:310px;height:auto\" \/><\/figure>\n\n\n\n<figure class=\"wp-block-image aligncenter size-large is-resized\"><img decoding=\"async\" loading=\"lazy\" width=\"185\" height=\"176\" src=\"https:\/\/quirky-golick.77-235-47-250.plesk.page\/wp-content\/uploads\/2023\/10\/2014-hamoir-2.png?w=185\" alt=\"\" class=\"wp-image-149\" style=\"width:348px;height:auto\" \/><\/figure>\n\n\n\n<h2 class=\"wp-block-heading\">Et avant? Petit historique&#8230;<\/h2>\n\n\n\n<p>En&nbsp;1961 d\u00e9bute la construction du \u00ab&nbsp;nouveau b\u00e2timent&nbsp;\u00bb aujourd\u2019hui b\u00e2timent de la plaine selon les plans de l\u2019architecte Wybauw. Un b\u00e2timent tout en longueur qui abrite 5 classes surplombant une grande salle de gymnastique-th\u00e9\u00e2tre \u00e0 l\u2019italienne.<\/p>\n\n\n\n<p>En 1965, l\u2019Ecole Nouvelle ach\u00e8te une villa avenue Casalta o\u00f9 seront log\u00e9es les classes du jardin d\u2019enfants. A l\u2019origine, celles-ci se trouvaient dans des pavillons en bois situ\u00e9s \u00e0 la place du b\u00e2timent de la plaine.<\/p>\n\n\n\n<p>En 1974, achat du b\u00e2timent de l\u2019avenue Hamoir, maison occup\u00e9e jusque-l\u00e0 par une famille d\u2019anciens parents et qui va abriter, pendant presque 40 ans les grands de l\u2019\u00e9cole, jusqu\u2019\u00e0 sa d\u00e9molition-reconstruction en 2013-2014.<\/p>\n\n\n\n<p>En&nbsp;1982, des pavillons (provisoires&nbsp;!) sont install\u00e9s sur le site de Gendarmes en vue des travaux qui d\u00e9butent en 1982 et qui, au prix de diverses phases, vont s\u2019achever en&nbsp;1990. L\u2019architecte Paul Mignot con\u00e7oit une passerelle reliant les Oiseaux et la Foret, y adjoint des classes, transforme le pr\u00e9au et les ateliers, \u00e9labore des classes donnant sur le jardin de l\u2019\u00e9cole dans le b\u00e2timent des Oiseaux, invente un r\u00e9fectoire transformable en th\u00e9\u00e2tre\u2026 Tout l\u2019espace disponible entre les b\u00e2timents existants et la dr\u00e8ve est occup\u00e9.<\/p>\n\n\n\n<p>En 1985, achat de la villa Montana qui abrite le centre d\u2019\u00e9tudes Decrolyennes. En 2000, une r\u00e9novation profonde de son garage et de tout son sous-sol y permet l\u2019installation de deux classes et de deux laboratoires, de chimie et de biologie.<\/p>\n\n\n\n<p>En 2006, la r\u00e9novation compl\u00e8te des cuisines de Gendarmes les met aux normes et permet de r\u00e9cup\u00e9rer une cave suppl\u00e9mentaire.<\/p>\n\n\n\n<p><\/p>\n","protected":false},"excerpt":{"rendered":"<p>20XX &#8211; Le pr\u00e9au de Casalta Nous en avions tou-te-s r\u00eav\u00e9, l&rsquo;Ecole Nouvelle l&rsquo;a fait! Un bon moyen de s&rsquo;abriter, de la pluie comme du soleil, un excellent exemple de protection contre les intemp\u00e9ries en somme. Les travaux ont dur\u00e9 XX jours et l&rsquo;inauguration a eu lieu le XX\/XX. 2021 &#8211; Plaine de jeux Lorem [&hellip;]<\/p>\n","protected":false},"author":1,"featured_media":0,"parent":0,"menu_order":0,"comment_status":"closed","ping_status":"closed","template":"","meta":{"footnotes":""},"yoast_head":"<!-- This site is optimized with the Yoast SEO plugin v22.6 - https:\/\/yoast.com\/wordpress\/plugins\/seo\/ -->\r\n<title>Nos R\u00e9alisations - L&#039;Ecole Nouvelle<\/title>\r\n<meta name=\"robots\" content=\"index, follow, max-snippet:-1, max-image-preview:large, max-video-preview:-1\" \/>\r\n<link rel=\"canonical\" href=\"https:\/\/quirky-golick.77-235-47-250.plesk.page\/index.php\/nos-realisations\/\" \/>\r\n<meta property=\"og:locale\" content=\"fr_FR\" \/>\r\n<meta property=\"og:type\" content=\"article\" \/>\r\n<meta property=\"og:title\" content=\"Nos R\u00e9alisations - L&#039;Ecole Nouvelle\" \/>\r\n<meta property=\"og:description\" content=\"20XX &#8211; Le pr\u00e9au de Casalta Nous en avions tou-te-s r\u00eav\u00e9, l&rsquo;Ecole Nouvelle l&rsquo;a fait! Un bon moyen de s&rsquo;abriter, de la pluie comme du soleil, un excellent exemple de protection contre les intemp\u00e9ries en somme. Les travaux ont dur\u00e9 XX jours et l&rsquo;inauguration a eu lieu le XX\/XX. 2021 &#8211; Plaine de jeux Lorem [&hellip;]\" \/>\r\n<meta property=\"og:url\" content=\"https:\/\/quirky-golick.77-235-47-250.plesk.page\/index.php\/nos-realisations\/\" \/>\r\n<meta property=\"og:site_name\" content=\"L&#039;Ecole Nouvelle\" \/>\r\n<meta property=\"og:image\" content=\"https:\/\/ecolenouvelle7.files.wordpress.com\/2023\/10\/20231017_090430.jpg\" \/>\r\n<meta name=\"twitter:card\" content=\"summary_large_image\" \/>\r\n<meta name=\"twitter:label1\" content=\"Dur\u00e9e de lecture estim\u00e9e\" \/>\n\t<meta name=\"twitter:data1\" content=\"3 minutes\" \/>\r\n<script type=\"application\/ld+json\" class=\"yoast-schema-graph\">{\"@context\":\"https:\/\/schema.org\",\"@graph\":[{\"@type\":\"WebPage\",\"@id\":\"https:\/\/quirky-golick.77-235-47-250.plesk.page\/index.php\/nos-realisations\/\",\"url\":\"https:\/\/quirky-golick.77-235-47-250.plesk.page\/index.php\/nos-realisations\/\",\"name\":\"Nos R\u00e9alisations - L&#039;Ecole Nouvelle\",\"isPartOf\":{\"@id\":\"https:\/\/quirky-golick.77-235-47-250.plesk.page\/#website\"},\"primaryImageOfPage\":{\"@id\":\"https:\/\/quirky-golick.77-235-47-250.plesk.page\/index.php\/nos-realisations\/#primaryimage\"},\"image\":{\"@id\":\"https:\/\/quirky-golick.77-235-47-250.plesk.page\/index.php\/nos-realisations\/#primaryimage\"},\"thumbnailUrl\":\"https:\/\/quirky-golick.77-235-47-250.plesk.page\/wp-content\/uploads\/2023\/10\/20231017_090430.jpg\",\"datePublished\":\"2023-10-14T08:29:47+00:00\",\"dateModified\":\"2023-10-14T08:29:47+00:00\",\"breadcrumb\":{\"@id\":\"https:\/\/quirky-golick.77-235-47-250.plesk.page\/index.php\/nos-realisations\/#breadcrumb\"},\"inLanguage\":\"fr-FR\",\"potentialAction\":[{\"@type\":\"ReadAction\",\"target\":[\"https:\/\/quirky-golick.77-235-47-250.plesk.page\/index.php\/nos-realisations\/\"]}]},{\"@type\":\"ImageObject\",\"inLanguage\":\"fr-FR\",\"@id\":\"https:\/\/quirky-golick.77-235-47-250.plesk.page\/index.php\/nos-realisations\/#primaryimage\",\"url\":\"https:\/\/quirky-golick.77-235-47-250.plesk.page\/wp-content\/uploads\/2023\/10\/20231017_090430-scaled.jpg\",\"contentUrl\":\"https:\/\/quirky-golick.77-235-47-250.plesk.page\/wp-content\/uploads\/2023\/10\/20231017_090430-scaled.jpg\",\"width\":1920,\"height\":2560},{\"@type\":\"BreadcrumbList\",\"@id\":\"https:\/\/quirky-golick.77-235-47-250.plesk.page\/index.php\/nos-realisations\/#breadcrumb\",\"itemListElement\":[{\"@type\":\"ListItem\",\"position\":1,\"name\":\"Accueil\",\"item\":\"https:\/\/quirky-golick.77-235-47-250.plesk.page\/\"},{\"@type\":\"ListItem\",\"position\":2,\"name\":\"Nos R\u00e9alisations\"}]},{\"@type\":\"WebSite\",\"@id\":\"https:\/\/quirky-golick.77-235-47-250.plesk.page\/#website\",\"url\":\"https:\/\/quirky-golick.77-235-47-250.plesk.page\/\",\"name\":\"L&#039;Ecole Nouvelle\",\"description\":\"\",\"potentialAction\":[{\"@type\":\"SearchAction\",\"target\":{\"@type\":\"EntryPoint\",\"urlTemplate\":\"https:\/\/quirky-golick.77-235-47-250.plesk.page\/?s={search_term_string}\"},\"query-input\":\"required name=search_term_string\"}],\"inLanguage\":\"fr-FR\"}]}<\/script>\r\n<!-- \/ Yoast SEO plugin. -->","yoast_head_json":{"title":"Nos R\u00e9alisations - L&#039;Ecole Nouvelle","robots":{"index":"index","follow":"follow","max-snippet":"max-snippet:-1","max-image-preview":"max-image-preview:large","max-video-preview":"max-video-preview:-1"},"canonical":"https:\/\/quirky-golick.77-235-47-250.plesk.page\/index.php\/nos-realisations\/","og_locale":"fr_FR","og_type":"article","og_title":"Nos R\u00e9alisations - L&#039;Ecole Nouvelle","og_description":"20XX &#8211; Le pr\u00e9au de Casalta Nous en avions tou-te-s r\u00eav\u00e9, l&rsquo;Ecole Nouvelle l&rsquo;a fait! Un bon moyen de s&rsquo;abriter, de la pluie comme du soleil, un excellent exemple de protection contre les intemp\u00e9ries en somme. Les travaux ont dur\u00e9 XX jours et l&rsquo;inauguration a eu lieu le XX\/XX. 2021 &#8211; Plaine de jeux Lorem [&hellip;]","og_url":"https:\/\/quirky-golick.77-235-47-250.plesk.page\/index.php\/nos-realisations\/","og_site_name":"L&#039;Ecole Nouvelle","og_image":[{"url":"https:\/\/ecolenouvelle7.files.wordpress.com\/2023\/10\/20231017_090430.jpg"}],"twitter_card":"summary_large_image","twitter_misc":{"Dur\u00e9e de lecture estim\u00e9e":"3 minutes"},"schema":{"@context":"https:\/\/schema.org","@graph":[{"@type":"WebPage","@id":"https:\/\/quirky-golick.77-235-47-250.plesk.page\/index.php\/nos-realisations\/","url":"https:\/\/quirky-golick.77-235-47-250.plesk.page\/index.php\/nos-realisations\/","name":"Nos R\u00e9alisations - L&#039;Ecole Nouvelle","isPartOf":{"@id":"https:\/\/quirky-golick.77-235-47-250.plesk.page\/#website"},"primaryImageOfPage":{"@id":"https:\/\/quirky-golick.77-235-47-250.plesk.page\/index.php\/nos-realisations\/#primaryimage"},"image":{"@id":"https:\/\/quirky-golick.77-235-47-250.plesk.page\/index.php\/nos-realisations\/#primaryimage"},"thumbnailUrl":"https:\/\/quirky-golick.77-235-47-250.plesk.page\/wp-content\/uploads\/2023\/10\/20231017_090430.jpg","datePublished":"2023-10-14T08:29:47+00:00","dateModified":"2023-10-14T08:29:47+00:00","breadcrumb":{"@id":"https:\/\/quirky-golick.77-235-47-250.plesk.page\/index.php\/nos-realisations\/#breadcrumb"},"inLanguage":"fr-FR","potentialAction":[{"@type":"ReadAction","target":["https:\/\/quirky-golick.77-235-47-250.plesk.page\/index.php\/nos-realisations\/"]}]},{"@type":"ImageObject","inLanguage":"fr-FR","@id":"https:\/\/quirky-golick.77-235-47-250.plesk.page\/index.php\/nos-realisations\/#primaryimage","url":"https:\/\/quirky-golick.77-235-47-250.plesk.page\/wp-content\/uploads\/2023\/10\/20231017_090430-scaled.jpg","contentUrl":"https:\/\/quirky-golick.77-235-47-250.plesk.page\/wp-content\/uploads\/2023\/10\/20231017_090430-scaled.jpg","width":1920,"height":2560},{"@type":"BreadcrumbList","@id":"https:\/\/quirky-golick.77-235-47-250.plesk.page\/index.php\/nos-realisations\/#breadcrumb","itemListElement":[{"@type":"ListItem","position":1,"name":"Accueil","item":"https:\/\/quirky-golick.77-235-47-250.plesk.page\/"},{"@type":"ListItem","position":2,"name":"Nos R\u00e9alisations"}]},{"@type":"WebSite","@id":"https:\/\/quirky-golick.77-235-47-250.plesk.page\/#website","url":"https:\/\/quirky-golick.77-235-47-250.plesk.page\/","name":"L&#039;Ecole Nouvelle","description":"","potentialAction":[{"@type":"SearchAction","target":{"@type":"EntryPoint","urlTemplate":"https:\/\/quirky-golick.77-235-47-250.plesk.page\/?s={search_term_string}"},"query-input":"required name=search_term_string"}],"inLanguage":"fr-FR"}]}},"_links":{"self":[{"href":"https:\/\/quirky-golick.77-235-47-250.plesk.page\/index.php\/wp-json\/wp\/v2\/pages\/53"}],"collection":[{"href":"https:\/\/quirky-golick.77-235-47-250.plesk.page\/index.php\/wp-json\/wp\/v2\/pages"}],"about":[{"href":"https:\/\/quirky-golick.77-235-47-250.plesk.page\/index.php\/wp-json\/wp\/v2\/types\/page"}],"author":[{"embeddable":true,"href":"https:\/\/quirky-golick.77-235-47-250.plesk.page\/index.php\/wp-json\/wp\/v2\/users\/1"}],"replies":[{"embeddable":true,"href":"https:\/\/quirky-golick.77-235-47-250.plesk.page\/index.php\/wp-json\/wp\/v2\/comments?post=53"}],"version-history":[{"count":0,"href":"https:\/\/quirky-golick.77-235-47-250.plesk.page\/index.php\/wp-json\/wp\/v2\/pages\/53\/revisions"}],"wp:attachment":[{"href":"https:\/\/quirky-golick.77-235-47-250.plesk.page\/index.php\/wp-json\/wp\/v2\/media?parent=53"}],"curies":[{"name":"wp","href":"https:\/\/api.w.org\/{rel}","templated":true}]}}