{"id":68,"date":"2023-10-14T18:23:41","date_gmt":"2023-10-14T16:23:41","guid":{"rendered":"https:\/\/ecolenouvelle7.wordpress.com\/?page_id=68"},"modified":"2023-10-14T18:23:41","modified_gmt":"2023-10-14T16:23:41","slug":"cotisations","status":"publish","type":"page","link":"https:\/\/quirky-golick.77-235-47-250.plesk.page\/index.php\/cotisations\/","title":{"rendered":"Cotisations"},"content":{"rendered":"\n<p>Tous les parents de l\u2019\u00c9cole Decroly re\u00e7oivent en octobre un appel \u00e0 cotisation leur proposant de devenir membre de l\u2019\u00c9cole Nouvelle ASBL. Le montant de cette cotisation est \u00e9tabli en fonction du nombre de leurs enfants qui fr\u00e9quentent l\u2019\u00c9cole.<\/p>\n\n\n\n<p>Jamais une difficult\u00e9 financi\u00e8re ne doit faire h\u00e9siter un parent quant \u00e0 l\u2019inscription d\u2019un enfant \u00e0 l\u2019\u00c9cole Decroly.<\/p>\n\n\n\n<p>La responsable des cotisations de L\u2019ASBL L\u2019\u00c9cole Nouvelle doit \u00eatre contact\u00e9e si le paiement de cette cotisation pose probl\u00e8me.<\/p>\n\n\n\n<p>Il est important de savoir que les ASBL L&rsquo;\u00c9cole Nouvelle et&nbsp;ASBL \u00c9cole Decroly sont totalement ind\u00e9pendantes et que le personnel enseignant de l\u2019\u00c9cole Decroly n\u2019a aucune information sur la mani\u00e8re dont chacun r\u00e8gle sa cotisation.<\/p>\n\n\n\n<p>Il va de soi que les administrateurs de L\u2019ASBL L&rsquo;\u00c9cole Nouvelle s\u2019engagent \u00e0 respecter la confidentialit\u00e9 des informations transmises, pendant et apr\u00e8s leur mandat au sein de L\u2019ASBL L&rsquo;\u00c9cole Nouvelle.<\/p>\n\n\n\n<p>Au choix des membres, les cotisations sont vers\u00e9es annuellement ou en mensualit\u00e9s (via un ordre permanent) avec une communication structur\u00e9e personnelle sur le compte bancaire : <strong>BE04 0689 3048 2631<\/strong><\/p>\n","protected":false},"excerpt":{"rendered":"<p>Tous les parents de l\u2019\u00c9cole Decroly re\u00e7oivent en octobre un appel \u00e0 cotisation leur proposant de devenir membre de l\u2019\u00c9cole Nouvelle ASBL. Le montant de cette cotisation est \u00e9tabli en fonction du nombre de leurs enfants qui fr\u00e9quentent l\u2019\u00c9cole. Jamais une difficult\u00e9 financi\u00e8re ne doit faire h\u00e9siter un parent quant \u00e0 l\u2019inscription d\u2019un enfant \u00e0 [&hellip;]<\/p>\n","protected":false},"author":1,"featured_media":0,"parent":0,"menu_order":0,"comment_status":"closed","ping_status":"closed","template":"","meta":{"footnotes":""},"yoast_head":"<!-- This site is optimized with the Yoast SEO plugin v22.6 - https:\/\/yoast.com\/wordpress\/plugins\/seo\/ -->\r\n<title>Cotisations - L&#039;Ecole Nouvelle<\/title>\r\n<meta name=\"robots\" content=\"index, follow, max-snippet:-1, max-image-preview:large, max-video-preview:-1\" \/>\r\n<link rel=\"canonical\" href=\"https:\/\/quirky-golick.77-235-47-250.plesk.page\/index.php\/cotisations\/\" \/>\r\n<meta property=\"og:locale\" content=\"fr_FR\" \/>\r\n<meta property=\"og:type\" content=\"article\" \/>\r\n<meta property=\"og:title\" content=\"Cotisations - L&#039;Ecole Nouvelle\" \/>\r\n<meta property=\"og:description\" content=\"Tous les parents de l\u2019\u00c9cole Decroly re\u00e7oivent en octobre un appel \u00e0 cotisation leur proposant de devenir membre de l\u2019\u00c9cole Nouvelle ASBL. Le montant de cette cotisation est \u00e9tabli en fonction du nombre de leurs enfants qui fr\u00e9quentent l\u2019\u00c9cole. Jamais une difficult\u00e9 financi\u00e8re ne doit faire h\u00e9siter un parent quant \u00e0 l\u2019inscription d\u2019un enfant \u00e0 [&hellip;]\" \/>\r\n<meta property=\"og:url\" content=\"https:\/\/quirky-golick.77-235-47-250.plesk.page\/index.php\/cotisations\/\" \/>\r\n<meta property=\"og:site_name\" content=\"L&#039;Ecole Nouvelle\" \/>\r\n<meta name=\"twitter:card\" content=\"summary_large_image\" \/>\r\n<meta name=\"twitter:label1\" content=\"Dur\u00e9e de lecture estim\u00e9e\" \/>\n\t<meta name=\"twitter:data1\" content=\"1 minute\" \/>\r\n<script type=\"application\/ld+json\" class=\"yoast-schema-graph\">{\"@context\":\"https:\/\/schema.org\",\"@graph\":[{\"@type\":\"WebPage\",\"@id\":\"https:\/\/quirky-golick.77-235-47-250.plesk.page\/index.php\/cotisations\/\",\"url\":\"https:\/\/quirky-golick.77-235-47-250.plesk.page\/index.php\/cotisations\/\",\"name\":\"Cotisations - L&#039;Ecole Nouvelle\",\"isPartOf\":{\"@id\":\"https:\/\/quirky-golick.77-235-47-250.plesk.page\/#website\"},\"datePublished\":\"2023-10-14T16:23:41+00:00\",\"dateModified\":\"2023-10-14T16:23:41+00:00\",\"breadcrumb\":{\"@id\":\"https:\/\/quirky-golick.77-235-47-250.plesk.page\/index.php\/cotisations\/#breadcrumb\"},\"inLanguage\":\"fr-FR\",\"potentialAction\":[{\"@type\":\"ReadAction\",\"target\":[\"https:\/\/quirky-golick.77-235-47-250.plesk.page\/index.php\/cotisations\/\"]}]},{\"@type\":\"BreadcrumbList\",\"@id\":\"https:\/\/quirky-golick.77-235-47-250.plesk.page\/index.php\/cotisations\/#breadcrumb\",\"itemListElement\":[{\"@type\":\"ListItem\",\"position\":1,\"name\":\"Accueil\",\"item\":\"https:\/\/quirky-golick.77-235-47-250.plesk.page\/\"},{\"@type\":\"ListItem\",\"position\":2,\"name\":\"Cotisations\"}]},{\"@type\":\"WebSite\",\"@id\":\"https:\/\/quirky-golick.77-235-47-250.plesk.page\/#website\",\"url\":\"https:\/\/quirky-golick.77-235-47-250.plesk.page\/\",\"name\":\"L&#039;Ecole Nouvelle\",\"description\":\"\",\"potentialAction\":[{\"@type\":\"SearchAction\",\"target\":{\"@type\":\"EntryPoint\",\"urlTemplate\":\"https:\/\/quirky-golick.77-235-47-250.plesk.page\/?s={search_term_string}\"},\"query-input\":\"required name=search_term_string\"}],\"inLanguage\":\"fr-FR\"}]}<\/script>\r\n<!-- \/ Yoast SEO plugin. -->","yoast_head_json":{"title":"Cotisations - L&#039;Ecole Nouvelle","robots":{"index":"index","follow":"follow","max-snippet":"max-snippet:-1","max-image-preview":"max-image-preview:large","max-video-preview":"max-video-preview:-1"},"canonical":"https:\/\/quirky-golick.77-235-47-250.plesk.page\/index.php\/cotisations\/","og_locale":"fr_FR","og_type":"article","og_title":"Cotisations - L&#039;Ecole Nouvelle","og_description":"Tous les parents de l\u2019\u00c9cole Decroly re\u00e7oivent en octobre un appel \u00e0 cotisation leur proposant de devenir membre de l\u2019\u00c9cole Nouvelle ASBL. Le montant de cette cotisation est \u00e9tabli en fonction du nombre de leurs enfants qui fr\u00e9quentent l\u2019\u00c9cole. Jamais une difficult\u00e9 financi\u00e8re ne doit faire h\u00e9siter un parent quant \u00e0 l\u2019inscription d\u2019un enfant \u00e0 [&hellip;]","og_url":"https:\/\/quirky-golick.77-235-47-250.plesk.page\/index.php\/cotisations\/","og_site_name":"L&#039;Ecole Nouvelle","twitter_card":"summary_large_image","twitter_misc":{"Dur\u00e9e de lecture estim\u00e9e":"1 minute"},"schema":{"@context":"https:\/\/schema.org","@graph":[{"@type":"WebPage","@id":"https:\/\/quirky-golick.77-235-47-250.plesk.page\/index.php\/cotisations\/","url":"https:\/\/quirky-golick.77-235-47-250.plesk.page\/index.php\/cotisations\/","name":"Cotisations - L&#039;Ecole Nouvelle","isPartOf":{"@id":"https:\/\/quirky-golick.77-235-47-250.plesk.page\/#website"},"datePublished":"2023-10-14T16:23:41+00:00","dateModified":"2023-10-14T16:23:41+00:00","breadcrumb":{"@id":"https:\/\/quirky-golick.77-235-47-250.plesk.page\/index.php\/cotisations\/#breadcrumb"},"inLanguage":"fr-FR","potentialAction":[{"@type":"ReadAction","target":["https:\/\/quirky-golick.77-235-47-250.plesk.page\/index.php\/cotisations\/"]}]},{"@type":"BreadcrumbList","@id":"https:\/\/quirky-golick.77-235-47-250.plesk.page\/index.php\/cotisations\/#breadcrumb","itemListElement":[{"@type":"ListItem","position":1,"name":"Accueil","item":"https:\/\/quirky-golick.77-235-47-250.plesk.page\/"},{"@type":"ListItem","position":2,"name":"Cotisations"}]},{"@type":"WebSite","@id":"https:\/\/quirky-golick.77-235-47-250.plesk.page\/#website","url":"https:\/\/quirky-golick.77-235-47-250.plesk.page\/","name":"L&#039;Ecole Nouvelle","description":"","potentialAction":[{"@type":"SearchAction","target":{"@type":"EntryPoint","urlTemplate":"https:\/\/quirky-golick.77-235-47-250.plesk.page\/?s={search_term_string}"},"query-input":"required name=search_term_string"}],"inLanguage":"fr-FR"}]}},"_links":{"self":[{"href":"https:\/\/quirky-golick.77-235-47-250.plesk.page\/index.php\/wp-json\/wp\/v2\/pages\/68"}],"collection":[{"href":"https:\/\/quirky-golick.77-235-47-250.plesk.page\/index.php\/wp-json\/wp\/v2\/pages"}],"about":[{"href":"https:\/\/quirky-golick.77-235-47-250.plesk.page\/index.php\/wp-json\/wp\/v2\/types\/page"}],"author":[{"embeddable":true,"href":"https:\/\/quirky-golick.77-235-47-250.plesk.page\/index.php\/wp-json\/wp\/v2\/users\/1"}],"replies":[{"embeddable":true,"href":"https:\/\/quirky-golick.77-235-47-250.plesk.page\/index.php\/wp-json\/wp\/v2\/comments?post=68"}],"version-history":[{"count":0,"href":"https:\/\/quirky-golick.77-235-47-250.plesk.page\/index.php\/wp-json\/wp\/v2\/pages\/68\/revisions"}],"wp:attachment":[{"href":"https:\/\/quirky-golick.77-235-47-250.plesk.page\/index.php\/wp-json\/wp\/v2\/media?parent=68"}],"curies":[{"name":"wp","href":"https:\/\/api.w.org\/{rel}","templated":true}]}}