{"id":74,"date":"2023-10-14T18:46:01","date_gmt":"2023-10-14T16:46:01","guid":{"rendered":"https:\/\/ecolenouvelle7.wordpress.com\/?page_id=74"},"modified":"2023-10-14T18:46:01","modified_gmt":"2023-10-14T16:46:01","slug":"nos-projets","status":"publish","type":"page","link":"https:\/\/quirky-golick.77-235-47-250.plesk.page\/index.php\/nos-projets\/","title":{"rendered":"Nos Projets"},"content":{"rendered":"\n<h2 class=\"wp-block-heading\">Dr\u00e8ve 20XX<\/h2>\n\n\n\n<p>Dr\u00e8ve 20XX!&nbsp;Projet de r\u00eave pour les enseignants&#8230;et pour nous! Une fois de&nbsp; plus, nous sommes pr\u00eats \u00e0 \u00ab\u00a0pousser sur les murs\u00a0\u00bb. Certains r\u00eavent de classes plus grandes, d&rsquo;autres d&rsquo;un observatoire sur le toit ou de potagers suspendus&#8230; Rassembler les 10\u00e8me? Regrouper les laboratoires? Agrandir la garderie? Cr\u00e9er des lieux de travail calmes? Remanier le jardin pour pouvoir s&rsquo;y poursuivre? Installer une salle de r\u00e9union permanente?<\/p>\n\n\n\n<p>La r\u00e9flexion est en route, une groupe est au travail, des contacts sont pris \u00e0 la commune&nbsp;pour explorer la faisabilit\u00e9 de nos r\u00eaves. R\u00eaves qui gr\u00e2ce \u00e0 vous &#8211; pour tous nos enfants et ceux qui suivront- deviendront r\u00e9alit\u00e9.<\/p>\n\n\n\n<figure class=\"wp-block-image size-large\"><img decoding=\"async\" loading=\"lazy\" width=\"1234\" height=\"871\" src=\"https:\/\/quirky-golick.77-235-47-250.plesk.page\/wp-content\/uploads\/2023\/10\/dreve2020-1.png?w=1024\" alt=\"\" class=\"wp-image-126\" srcset=\"https:\/\/quirky-golick.77-235-47-250.plesk.page\/wp-content\/uploads\/2023\/10\/dreve2020-1.png 1234w, https:\/\/quirky-golick.77-235-47-250.plesk.page\/wp-content\/uploads\/2023\/10\/dreve2020-1-300x212.png 300w, https:\/\/quirky-golick.77-235-47-250.plesk.page\/wp-content\/uploads\/2023\/10\/dreve2020-1-1024x723.png 1024w, https:\/\/quirky-golick.77-235-47-250.plesk.page\/wp-content\/uploads\/2023\/10\/dreve2020-1-768x542.png 768w\" sizes=\"(max-width: 1234px) 100vw, 1234px\" \/><\/figure>\n\n\n\n<figure class=\"wp-block-image size-large\"><img decoding=\"async\" loading=\"lazy\" width=\"1229\" height=\"868\" src=\"https:\/\/quirky-golick.77-235-47-250.plesk.page\/wp-content\/uploads\/2023\/10\/dreve2020-2.png?w=1024\" alt=\"\" class=\"wp-image-124\" srcset=\"https:\/\/quirky-golick.77-235-47-250.plesk.page\/wp-content\/uploads\/2023\/10\/dreve2020-2.png 1229w, https:\/\/quirky-golick.77-235-47-250.plesk.page\/wp-content\/uploads\/2023\/10\/dreve2020-2-300x212.png 300w, https:\/\/quirky-golick.77-235-47-250.plesk.page\/wp-content\/uploads\/2023\/10\/dreve2020-2-1024x723.png 1024w, https:\/\/quirky-golick.77-235-47-250.plesk.page\/wp-content\/uploads\/2023\/10\/dreve2020-2-768x542.png 768w\" sizes=\"(max-width: 1229px) 100vw, 1229px\" \/><\/figure>\n\n\n\n<figure class=\"wp-block-image size-large\"><img decoding=\"async\" loading=\"lazy\" width=\"1234\" height=\"872\" src=\"https:\/\/quirky-golick.77-235-47-250.plesk.page\/wp-content\/uploads\/2023\/10\/dreve2020-3.png?w=1024\" alt=\"\" class=\"wp-image-125\" srcset=\"https:\/\/quirky-golick.77-235-47-250.plesk.page\/wp-content\/uploads\/2023\/10\/dreve2020-3.png 1234w, https:\/\/quirky-golick.77-235-47-250.plesk.page\/wp-content\/uploads\/2023\/10\/dreve2020-3-300x212.png 300w, https:\/\/quirky-golick.77-235-47-250.plesk.page\/wp-content\/uploads\/2023\/10\/dreve2020-3-1024x724.png 1024w, https:\/\/quirky-golick.77-235-47-250.plesk.page\/wp-content\/uploads\/2023\/10\/dreve2020-3-768x543.png 768w\" sizes=\"(max-width: 1234px) 100vw, 1234px\" \/><\/figure>\n\n\n\n<h2 class=\"wp-block-heading\">Projet2<\/h2>\n\n\n\n<p>Lorem ipsum dolor sit amet, consectetur adipiscing elit. Mauris laoreet tempor ipsum, id facilisis nulla facilisis nec. Duis ac ipsum ex. Fusce eu nulla viverra, venenatis metus sed, tristique leo. Pellentesque suscipit venenatis lacus, quis consequat justo feugiat vitae. Aliquam sagittis sapien et accumsan consequat. Morbi scelerisque, mauris sed lacinia molestie, nunc justo iaculis metus, eget sollicitudin turpis neque id est. Sed in dignissim sem, at tempor ligula.&nbsp;<\/p>\n","protected":false},"excerpt":{"rendered":"<p>Dr\u00e8ve 20XX Dr\u00e8ve 20XX!&nbsp;Projet de r\u00eave pour les enseignants&#8230;et pour nous! Une fois de&nbsp; plus, nous sommes pr\u00eats \u00e0 \u00ab\u00a0pousser sur les murs\u00a0\u00bb. Certains r\u00eavent de classes plus grandes, d&rsquo;autres d&rsquo;un observatoire sur le toit ou de potagers suspendus&#8230; Rassembler les 10\u00e8me? Regrouper les laboratoires? Agrandir la garderie? Cr\u00e9er des lieux de travail calmes? Remanier [&hellip;]<\/p>\n","protected":false},"author":1,"featured_media":0,"parent":0,"menu_order":0,"comment_status":"closed","ping_status":"closed","template":"","meta":{"footnotes":""},"yoast_head":"<!-- This site is optimized with the Yoast SEO plugin v22.6 - https:\/\/yoast.com\/wordpress\/plugins\/seo\/ -->\r\n<title>Nos Projets - L&#039;Ecole Nouvelle<\/title>\r\n<meta name=\"robots\" content=\"index, follow, max-snippet:-1, max-image-preview:large, max-video-preview:-1\" \/>\r\n<link rel=\"canonical\" href=\"https:\/\/quirky-golick.77-235-47-250.plesk.page\/index.php\/nos-projets\/\" \/>\r\n<meta property=\"og:locale\" content=\"fr_FR\" \/>\r\n<meta property=\"og:type\" content=\"article\" \/>\r\n<meta property=\"og:title\" content=\"Nos Projets - L&#039;Ecole Nouvelle\" \/>\r\n<meta property=\"og:description\" content=\"Dr\u00e8ve 20XX Dr\u00e8ve 20XX!&nbsp;Projet de r\u00eave pour les enseignants&#8230;et pour nous! Une fois de&nbsp; plus, nous sommes pr\u00eats \u00e0 \u00ab\u00a0pousser sur les murs\u00a0\u00bb. Certains r\u00eavent de classes plus grandes, d&rsquo;autres d&rsquo;un observatoire sur le toit ou de potagers suspendus&#8230; Rassembler les 10\u00e8me? Regrouper les laboratoires? Agrandir la garderie? Cr\u00e9er des lieux de travail calmes? Remanier [&hellip;]\" \/>\r\n<meta property=\"og:url\" content=\"https:\/\/quirky-golick.77-235-47-250.plesk.page\/index.php\/nos-projets\/\" \/>\r\n<meta property=\"og:site_name\" content=\"L&#039;Ecole Nouvelle\" \/>\r\n<meta property=\"og:image\" content=\"https:\/\/ecolenouvelle7.files.wordpress.com\/2023\/10\/dreve2020-1.png?w=1024\" \/>\r\n<meta name=\"twitter:card\" content=\"summary_large_image\" \/>\r\n<meta name=\"twitter:label1\" content=\"Dur\u00e9e de lecture estim\u00e9e\" \/>\n\t<meta name=\"twitter:data1\" content=\"1 minute\" \/>\r\n<script type=\"application\/ld+json\" class=\"yoast-schema-graph\">{\"@context\":\"https:\/\/schema.org\",\"@graph\":[{\"@type\":\"WebPage\",\"@id\":\"https:\/\/quirky-golick.77-235-47-250.plesk.page\/index.php\/nos-projets\/\",\"url\":\"https:\/\/quirky-golick.77-235-47-250.plesk.page\/index.php\/nos-projets\/\",\"name\":\"Nos Projets - L&#039;Ecole Nouvelle\",\"isPartOf\":{\"@id\":\"https:\/\/quirky-golick.77-235-47-250.plesk.page\/#website\"},\"primaryImageOfPage\":{\"@id\":\"https:\/\/quirky-golick.77-235-47-250.plesk.page\/index.php\/nos-projets\/#primaryimage\"},\"image\":{\"@id\":\"https:\/\/quirky-golick.77-235-47-250.plesk.page\/index.php\/nos-projets\/#primaryimage\"},\"thumbnailUrl\":\"https:\/\/quirky-golick.77-235-47-250.plesk.page\/wp-content\/uploads\/2023\/10\/dreve2020-1.png?w=1024\",\"datePublished\":\"2023-10-14T16:46:01+00:00\",\"dateModified\":\"2023-10-14T16:46:01+00:00\",\"breadcrumb\":{\"@id\":\"https:\/\/quirky-golick.77-235-47-250.plesk.page\/index.php\/nos-projets\/#breadcrumb\"},\"inLanguage\":\"fr-FR\",\"potentialAction\":[{\"@type\":\"ReadAction\",\"target\":[\"https:\/\/quirky-golick.77-235-47-250.plesk.page\/index.php\/nos-projets\/\"]}]},{\"@type\":\"ImageObject\",\"inLanguage\":\"fr-FR\",\"@id\":\"https:\/\/quirky-golick.77-235-47-250.plesk.page\/index.php\/nos-projets\/#primaryimage\",\"url\":\"https:\/\/quirky-golick.77-235-47-250.plesk.page\/wp-content\/uploads\/2023\/10\/dreve2020-1.png?w=1024\",\"contentUrl\":\"https:\/\/quirky-golick.77-235-47-250.plesk.page\/wp-content\/uploads\/2023\/10\/dreve2020-1.png?w=1024\"},{\"@type\":\"BreadcrumbList\",\"@id\":\"https:\/\/quirky-golick.77-235-47-250.plesk.page\/index.php\/nos-projets\/#breadcrumb\",\"itemListElement\":[{\"@type\":\"ListItem\",\"position\":1,\"name\":\"Accueil\",\"item\":\"https:\/\/quirky-golick.77-235-47-250.plesk.page\/\"},{\"@type\":\"ListItem\",\"position\":2,\"name\":\"Nos Projets\"}]},{\"@type\":\"WebSite\",\"@id\":\"https:\/\/quirky-golick.77-235-47-250.plesk.page\/#website\",\"url\":\"https:\/\/quirky-golick.77-235-47-250.plesk.page\/\",\"name\":\"L&#039;Ecole Nouvelle\",\"description\":\"\",\"potentialAction\":[{\"@type\":\"SearchAction\",\"target\":{\"@type\":\"EntryPoint\",\"urlTemplate\":\"https:\/\/quirky-golick.77-235-47-250.plesk.page\/?s={search_term_string}\"},\"query-input\":\"required name=search_term_string\"}],\"inLanguage\":\"fr-FR\"}]}<\/script>\r\n<!-- \/ Yoast SEO plugin. -->","yoast_head_json":{"title":"Nos Projets - L&#039;Ecole Nouvelle","robots":{"index":"index","follow":"follow","max-snippet":"max-snippet:-1","max-image-preview":"max-image-preview:large","max-video-preview":"max-video-preview:-1"},"canonical":"https:\/\/quirky-golick.77-235-47-250.plesk.page\/index.php\/nos-projets\/","og_locale":"fr_FR","og_type":"article","og_title":"Nos Projets - L&#039;Ecole Nouvelle","og_description":"Dr\u00e8ve 20XX Dr\u00e8ve 20XX!&nbsp;Projet de r\u00eave pour les enseignants&#8230;et pour nous! Une fois de&nbsp; plus, nous sommes pr\u00eats \u00e0 \u00ab\u00a0pousser sur les murs\u00a0\u00bb. Certains r\u00eavent de classes plus grandes, d&rsquo;autres d&rsquo;un observatoire sur le toit ou de potagers suspendus&#8230; Rassembler les 10\u00e8me? Regrouper les laboratoires? Agrandir la garderie? Cr\u00e9er des lieux de travail calmes? Remanier [&hellip;]","og_url":"https:\/\/quirky-golick.77-235-47-250.plesk.page\/index.php\/nos-projets\/","og_site_name":"L&#039;Ecole Nouvelle","og_image":[{"url":"https:\/\/ecolenouvelle7.files.wordpress.com\/2023\/10\/dreve2020-1.png?w=1024"}],"twitter_card":"summary_large_image","twitter_misc":{"Dur\u00e9e de lecture estim\u00e9e":"1 minute"},"schema":{"@context":"https:\/\/schema.org","@graph":[{"@type":"WebPage","@id":"https:\/\/quirky-golick.77-235-47-250.plesk.page\/index.php\/nos-projets\/","url":"https:\/\/quirky-golick.77-235-47-250.plesk.page\/index.php\/nos-projets\/","name":"Nos Projets - L&#039;Ecole Nouvelle","isPartOf":{"@id":"https:\/\/quirky-golick.77-235-47-250.plesk.page\/#website"},"primaryImageOfPage":{"@id":"https:\/\/quirky-golick.77-235-47-250.plesk.page\/index.php\/nos-projets\/#primaryimage"},"image":{"@id":"https:\/\/quirky-golick.77-235-47-250.plesk.page\/index.php\/nos-projets\/#primaryimage"},"thumbnailUrl":"https:\/\/quirky-golick.77-235-47-250.plesk.page\/wp-content\/uploads\/2023\/10\/dreve2020-1.png?w=1024","datePublished":"2023-10-14T16:46:01+00:00","dateModified":"2023-10-14T16:46:01+00:00","breadcrumb":{"@id":"https:\/\/quirky-golick.77-235-47-250.plesk.page\/index.php\/nos-projets\/#breadcrumb"},"inLanguage":"fr-FR","potentialAction":[{"@type":"ReadAction","target":["https:\/\/quirky-golick.77-235-47-250.plesk.page\/index.php\/nos-projets\/"]}]},{"@type":"ImageObject","inLanguage":"fr-FR","@id":"https:\/\/quirky-golick.77-235-47-250.plesk.page\/index.php\/nos-projets\/#primaryimage","url":"https:\/\/quirky-golick.77-235-47-250.plesk.page\/wp-content\/uploads\/2023\/10\/dreve2020-1.png?w=1024","contentUrl":"https:\/\/quirky-golick.77-235-47-250.plesk.page\/wp-content\/uploads\/2023\/10\/dreve2020-1.png?w=1024"},{"@type":"BreadcrumbList","@id":"https:\/\/quirky-golick.77-235-47-250.plesk.page\/index.php\/nos-projets\/#breadcrumb","itemListElement":[{"@type":"ListItem","position":1,"name":"Accueil","item":"https:\/\/quirky-golick.77-235-47-250.plesk.page\/"},{"@type":"ListItem","position":2,"name":"Nos Projets"}]},{"@type":"WebSite","@id":"https:\/\/quirky-golick.77-235-47-250.plesk.page\/#website","url":"https:\/\/quirky-golick.77-235-47-250.plesk.page\/","name":"L&#039;Ecole Nouvelle","description":"","potentialAction":[{"@type":"SearchAction","target":{"@type":"EntryPoint","urlTemplate":"https:\/\/quirky-golick.77-235-47-250.plesk.page\/?s={search_term_string}"},"query-input":"required name=search_term_string"}],"inLanguage":"fr-FR"}]}},"_links":{"self":[{"href":"https:\/\/quirky-golick.77-235-47-250.plesk.page\/index.php\/wp-json\/wp\/v2\/pages\/74"}],"collection":[{"href":"https:\/\/quirky-golick.77-235-47-250.plesk.page\/index.php\/wp-json\/wp\/v2\/pages"}],"about":[{"href":"https:\/\/quirky-golick.77-235-47-250.plesk.page\/index.php\/wp-json\/wp\/v2\/types\/page"}],"author":[{"embeddable":true,"href":"https:\/\/quirky-golick.77-235-47-250.plesk.page\/index.php\/wp-json\/wp\/v2\/users\/1"}],"replies":[{"embeddable":true,"href":"https:\/\/quirky-golick.77-235-47-250.plesk.page\/index.php\/wp-json\/wp\/v2\/comments?post=74"}],"version-history":[{"count":0,"href":"https:\/\/quirky-golick.77-235-47-250.plesk.page\/index.php\/wp-json\/wp\/v2\/pages\/74\/revisions"}],"wp:attachment":[{"href":"https:\/\/quirky-golick.77-235-47-250.plesk.page\/index.php\/wp-json\/wp\/v2\/media?parent=74"}],"curies":[{"name":"wp","href":"https:\/\/api.w.org\/{rel}","templated":true}]}}